{"id":1607,"date":"2019-10-21T14:34:50","date_gmt":"2019-10-21T12:34:50","guid":{"rendered":"https:\/\/ceccararad.ro\/ro\/?page_id=1607"},"modified":"2021-02-08T14:21:34","modified_gmt":"2021-02-08T12:21:34","slug":"cariera","status":"publish","type":"page","link":"https:\/\/ceccargiurgiu.ro\/ro\/cariera\/","title":{"rendered":"Carier\u0103"},"content":{"rendered":"<section   class=\"fw-main-row  auto  fw-section-position-back\"    >\n\t\t\t<div class=\"fw-container\" >\n\t\t<div class=\"fw-row\">\n\t<div id=\"column-69e20c1a338c2\" class=\"fw-col-sm-8 tf-sh-ff4b3c081f5ae006520d81eb5a44fa59\" >\n\t<div class=\"fw-wrap-col-inner clearfix  \"   >\n\t\t\t\t<div class=\"fw-col-inner\">\n\t\t\t<div class=\"fw-text-box tf-sh-4eed59bc0910ed6f3791abbde7405081 \" >\n\t<div class=\"fw-text-inner\">\n\t\t<p><strong>FILIALA CECCAR BIHOR<\/strong><\/p>\n<p>Corpul Exper\u021bilor Contabili \u0219i Contabililor Autoriza\u021bi din Rom\u00e2nia organizeaz\u0103 concurs, la sediul Filialei CECCAR Bihor din Str. Emanuil Gojdu nr. 29, bl. A9, et. 1, jud. Bihor, \u00een vederea ocup\u0103rii unui post de\u00a0secretar\u00a0pe perioada determinata \u0219i program de lucru de 8 ore\/zi - <em>detalii,\u00a0<a href=\"https:\/\/ceccar.ro\/ro\/?page_id=18986\" target=\"_blank\" rel=\"noopener noreferrer\">aici<\/a><\/em><\/p>\n\t<\/div>\n<\/div>\t\t<\/div>\n\t<\/div>\n<\/div><div id=\"column-69e20c1a34013\" class=\"fw-col-sm-4 tf-sh-b4c3a8d6b5ba8f9784c53008391f042c\" >\n\t<div class=\"fw-wrap-col-inner clearfix  \"   >\n\t\t\t\t<div class=\"fw-col-inner\">\n\t\t\t\n\t\n\t\t<div class=\"fw-block-image-parent  \"  style=\"width: 100%; \">\n\t\t\t<span class=\"fw-block-image-child fw-noratio fw-ratio-container\">\n\t\t\t\t<noscript itemscope itemtype=\"https:\/\/schema.org\/ImageObject\" itemprop=\"image\"><img decoding=\"async\" src=\"https:\/\/ceccargiurgiu.ro\/ro\/wp-content\/uploads\/2020\/06\/untitled-1.png\"  alt=\"untitled\" data-maxdpr=\"1.7\" class=\"lazyload\" \/><meta itemprop=\"url\" content=\"https:\/\/ceccargiurgiu.ro\/ro\/wp-content\/uploads\/2020\/06\/untitled-1.png\"><meta itemprop=\"width\" content=\"304\"><meta itemprop=\"height\" content=\"166\"><\/noscript><img decoding=\"async\" src=\"data:image\/gif;base64,R0lGODlhAQABAIAAAAAAAP\/\/\/yH5BAEAAAAALAAAAAABAAEAAAIBRAA7\" data-sizes=\"auto\" data-srcset=\"https:\/\/ceccargiurgiu.ro\/ro\/wp-content\/uploads\/2020\/06\/untitled-1.png\"   alt=\"untitled\" data-maxdpr=\"1.7\" class=\"lazyload\" \/><span class=\"fw-after-no-ratio\" style=\"padding-bottom: 54.605263157895%\"><\/span>\t\t\t\t\t\t\t<\/span>\n\t\t<\/div>\n\n\t\n\t\t<\/div>\n\t<\/div>\n<\/div><\/div>\n\n<div class=\"fw-row\">\n\t<div id=\"column-69e20c1a35cb6\" class=\"fw-col-sm-8 tf-sh-64d0fe1a817e65eef16da893307027f8\" >\n\t<div class=\"fw-wrap-col-inner clearfix  \"   >\n\t\t\t\t<div class=\"fw-col-inner\">\n\t\t\t<div class=\"fw-text-box tf-sh-5efe0e3af277a92d78331cbff3f98f88 \" >\n\t<div class=\"fw-text-inner\">\n\t\t<p><strong>SEDIUL CENTRAL<\/strong><\/p>\n<p>Corpul Exper\u021bilor Contabili \u0219i Contabililor Autoriza\u021bi din Rom\u00e2nia organizeaz\u0103 concurs, la sediul Aparatului Central \u00a0din Bucure\u0219ti, str. Intrarea Pielari nr. 1, sector 4,\u00a0\u00een vederea ocup\u0103rii postului de consilier juridic \u00a0\u00een cadrul Direc\u021biei Juridice, Resurse Umane \u0219i Achizi\u021bii - detalii,\u00a0<a href=\"https:\/\/ceccar.ro\/ro\/?page_id=18979\" target=\"_blank\" rel=\"noopener noreferrer\">aici<\/a><\/p>\n\t<\/div>\n<\/div>\t\t<\/div>\n\t<\/div>\n<\/div><div id=\"column-69e20c1a362e2\" class=\"fw-col-sm-4 tf-sh-6f3f9649ab821e53e5e0341f01e2dcce\" >\n\t<div class=\"fw-wrap-col-inner clearfix  \"   >\n\t\t\t\t<div class=\"fw-col-inner\">\n\t\t\t\n\t\n\t\t<div class=\"fw-block-image-parent  \"  style=\"width: 100%; \">\n\t\t\t<span class=\"fw-block-image-child fw-noratio fw-ratio-container\">\n\t\t\t\t<noscript itemscope itemtype=\"https:\/\/schema.org\/ImageObject\" itemprop=\"image\"><img decoding=\"async\" src=\"https:\/\/ceccargiurgiu.ro\/ro\/wp-content\/uploads\/2020\/06\/untitled-1.png\"  alt=\"untitled\" data-maxdpr=\"1.7\" class=\"lazyload\" \/><meta itemprop=\"url\" content=\"https:\/\/ceccargiurgiu.ro\/ro\/wp-content\/uploads\/2020\/06\/untitled-1.png\"><meta itemprop=\"width\" content=\"304\"><meta itemprop=\"height\" content=\"166\"><\/noscript><img decoding=\"async\" src=\"data:image\/gif;base64,R0lGODlhAQABAIAAAAAAAP\/\/\/yH5BAEAAAAALAAAAAABAAEAAAIBRAA7\" data-sizes=\"auto\" data-srcset=\"https:\/\/ceccargiurgiu.ro\/ro\/wp-content\/uploads\/2020\/06\/untitled-1.png\"   alt=\"untitled\" data-maxdpr=\"1.7\" class=\"lazyload\" \/><span class=\"fw-after-no-ratio\" style=\"padding-bottom: 54.605263157895%\"><\/span>\t\t\t\t\t\t\t<\/span>\n\t\t<\/div>\n\n\t\n\t\t<\/div>\n\t<\/div>\n<\/div><\/div>\n\n<div class=\"fw-row\">\n\t<div id=\"column-69e20c1a36e13\" class=\"fw-col-sm-8 tf-sh-5f8c63dc171b7114db33b3b7c2043cef\" >\n\t<div class=\"fw-wrap-col-inner clearfix  \"   >\n\t\t\t\t<div class=\"fw-col-inner\">\n\t\t\t<div class=\"fw-text-box tf-sh-1dd59500527878aa0d7c45ae83b472e8 \" >\n\t<div class=\"fw-text-inner\">\n\t\t<h1>Translator \u2013 Aparatul central<\/h1>\n<p>Are you highly motivated, communicative and eager to learn? Does facing a challenge make you think of at least three possible solutions? Do you have an excellent command of the English language? We are looking for a new colleague to join our dynamic international relations team, so if your answer to these questions is yes, you\u2019ve almost won us over!<\/p>\n<p><strong><em>The ideal candidate:<\/em><\/strong><\/p>\n<p>What we\u2019re looking for in a successful candidate:<\/p>\n<ul>\n<li>A university degree (foreign languages, economics);<\/li>\n<li>Excellent spoken and written English, second language French is a plus;<\/li>\n<li>Excellent interpersonal skills, flexibility, willingness to learn and ability to manage work independently as well as part of a team;<\/li>\n<li>Computer literate, with a good command of the Microsoft Office Suite (Word, Excel, Power Point, Outlook Express);<\/li>\n<li>Good organizational skills,<\/li>\n<li>Experience in specialized translations (economy, finance, accounting etc.) and knowledge of CAT Tools (Trados) is a big plus.<\/li>\n<\/ul>\n<p><strong><em>Job description:<\/em><\/strong><\/p>\n<p>Your main responsibilities will include:<\/p>\n<ul>\n<li>Translating various documents, particularly international accounting standards;<\/li>\n<li>Organizing professional events such as conferences, seminars and roundtables bringing together foreign and Romanian experts in the field;<\/li>\n<\/ul>\n<p><strong><em>What we offer:<\/em><\/strong><\/p>\n<ul>\n<li>A competitive salary and meal vouchers;<\/li>\n<li>A pleasant working environment within a dynamic and supportive team;<\/li>\n<li>The opportunity to connect with professionals all around the world;<\/li>\n<\/ul>\n<p>The interview will include a written test to assess your language and computer skills and will take place at our offices in Pielari Street no 1, Bucharest. Only the selected candidates will be contacted.<\/p>\n<p><em><strong>About CECCAR:<\/strong> <\/em><\/p>\n<p>The Body of Expert and Licensed Accountants of Romania (CECCAR) is a well-known, highly reputed professional accounting organization, and one of the largest professional institutes in South-Eastern Europe.<\/p>\n<p>With over 95 years of history, CECCAR is the competent authority managing the Romanian accounting profession, being represented through territorial branches in all of the 41 counties of Romania and in the city of Bucharest. It supports and promotes high-quality professional practices, with a particular focus on the competence, skills and ethical conduct of those involved in the profession, in order to serve the public interest and lay the foundations of a solid, progress-oriented economy.<\/p>\n<p>Find out more about us by visiting our <a href=\"http:\/\/www.ceccar.ro\/\">website<\/a> and our <a href=\"https:\/\/ro.wikipedia.org\/wiki\/Corpul_Exper%C8%9Bilor_Contabili_%C8%99i_Contabililor_Autoriza%C8%9Bi_din_Rom%C3%A2nia\">Wikipedia page<\/a>.<\/p>\n\t<\/div>\n<\/div>\t\t<\/div>\n\t<\/div>\n<\/div><div id=\"column-69e20c1a375ce\" class=\"fw-col-sm-4 tf-sh-5b28a020a56f15ebb5b42fe32697ad89\" >\n\t<div class=\"fw-wrap-col-inner clearfix  \"   >\n\t\t\t\t<div class=\"fw-col-inner\">\n\t\t\t\n\t\n\t\t<div class=\"fw-block-image-parent  \"  style=\"width: 100%; \">\n\t\t\t<span class=\"fw-block-image-child fw-noratio fw-ratio-container\">\n\t\t\t\t<noscript itemscope itemtype=\"https:\/\/schema.org\/ImageObject\" itemprop=\"image\"><img decoding=\"async\" src=\"https:\/\/ceccargiurgiu.ro\/ro\/wp-content\/uploads\/2020\/06\/untitled-1.png\"  alt=\"untitled\" data-maxdpr=\"1.7\" class=\"lazyload\" \/><meta itemprop=\"url\" content=\"https:\/\/ceccargiurgiu.ro\/ro\/wp-content\/uploads\/2020\/06\/untitled-1.png\"><meta itemprop=\"width\" content=\"304\"><meta itemprop=\"height\" content=\"166\"><\/noscript><img decoding=\"async\" src=\"data:image\/gif;base64,R0lGODlhAQABAIAAAAAAAP\/\/\/yH5BAEAAAAALAAAAAABAAEAAAIBRAA7\" data-sizes=\"auto\" data-srcset=\"https:\/\/ceccargiurgiu.ro\/ro\/wp-content\/uploads\/2020\/06\/untitled-1.png\"   alt=\"untitled\" data-maxdpr=\"1.7\" class=\"lazyload\" \/><span class=\"fw-after-no-ratio\" style=\"padding-bottom: 54.605263157895%\"><\/span>\t\t\t\t\t\t\t<\/span>\n\t\t<\/div>\n\n\t\n\t\t<\/div>\n\t<\/div>\n<\/div><\/div>\n\n\t<\/div>\n\t<\/section>\n","protected":false},"excerpt":{"rendered":"<p>FILIALA CECCAR BIHOR Corpul Exper\u021bilor Contabili \u0219i Contabililor Autoriza\u021bi din Rom\u00e2nia organizeaz\u0103 concurs, la sediul Filialei CECCAR Bihor din Str. Emanuil Gojdu nr. 29, bl. A9, et. 1, jud. Bihor, \u00een vederea ocup\u0103rii unui post [&hellip;]<\/p>\n","protected":false},"author":1,"featured_media":2995,"parent":0,"menu_order":0,"comment_status":"closed","ping_status":"closed","template":"brizy-blank-template.php","meta":{"footnotes":""},"class_list":["post-1607","page","type-page","status-publish","has-post-thumbnail","hentry"],"brizy_media":[],"_links":{"self":[{"href":"https:\/\/ceccargiurgiu.ro\/ro\/wp-json\/wp\/v2\/pages\/1607","targetHints":{"allow":["GET"]}}],"collection":[{"href":"https:\/\/ceccargiurgiu.ro\/ro\/wp-json\/wp\/v2\/pages"}],"about":[{"href":"https:\/\/ceccargiurgiu.ro\/ro\/wp-json\/wp\/v2\/types\/page"}],"author":[{"embeddable":true,"href":"https:\/\/ceccargiurgiu.ro\/ro\/wp-json\/wp\/v2\/users\/1"}],"replies":[{"embeddable":true,"href":"https:\/\/ceccargiurgiu.ro\/ro\/wp-json\/wp\/v2\/comments?post=1607"}],"version-history":[{"count":12,"href":"https:\/\/ceccargiurgiu.ro\/ro\/wp-json\/wp\/v2\/pages\/1607\/revisions"}],"predecessor-version":[{"id":4995,"href":"https:\/\/ceccargiurgiu.ro\/ro\/wp-json\/wp\/v2\/pages\/1607\/revisions\/4995"}],"wp:featuredmedia":[{"embeddable":true,"href":"https:\/\/ceccargiurgiu.ro\/ro\/wp-json\/wp\/v2\/media\/2995"}],"wp:attachment":[{"href":"https:\/\/ceccargiurgiu.ro\/ro\/wp-json\/wp\/v2\/media?parent=1607"}],"curies":[{"name":"wp","href":"https:\/\/api.w.org\/{rel}","templated":true}]}}